{"id":146302,"date":"2024-04-28T21:08:32","date_gmt":"2024-04-28T19:08:32","guid":{"rendered":"https:\/\/www.werner-kranwetvogel.de\/?page_id=146302"},"modified":"2024-07-29T17:02:03","modified_gmt":"2024-07-29T15:02:03","slug":"news","status":"publish","type":"page","link":"https:\/\/www.werner-kranwetvogel.de\/en\/news\/","title":{"rendered":"News"},"content":{"rendered":"\t\t<div data-elementor-type=\"wp-page\" data-elementor-id=\"146302\" class=\"elementor elementor-146302 elementor-146301\" data-elementor-post-type=\"page\">\n\t\t\t\t\t\t<section class=\"elementor-section elementor-top-section elementor-element elementor-element-7f57591 elementor-section-boxed elementor-section-height-default elementor-section-height-default parallax_section_no qode_elementor_container_no qode-content-aligment-left\" data-id=\"7f57591\" data-element_type=\"section\" data-e-type=\"section\">\n\t\t\t\t\t\t<div class=\"elementor-container elementor-column-gap-default\">\n\t\t\t\t\t<div class=\"elementor-column elementor-col-66 elementor-top-column elementor-element elementor-element-7858a7f\" data-id=\"7858a7f\" data-element_type=\"column\" data-e-type=\"column\">\n\t\t\t<div class=\"elementor-widget-wrap elementor-element-populated\">\n\t\t\t\t\t\t\t<\/div>\n\t\t<\/div>\n\t\t\t\t<div class=\"elementor-column elementor-col-33 elementor-top-column elementor-element elementor-element-e3f5385 elementor-hidden-mobile\" data-id=\"e3f5385\" data-element_type=\"column\" data-e-type=\"column\">\n\t\t\t<div class=\"elementor-widget-wrap elementor-element-populated\">\n\t\t\t\t\t\t<div class=\"elementor-element elementor-element-c9ebe80 elementor-widget elementor-widget-text-editor\" data-id=\"c9ebe80\" data-element_type=\"widget\" data-e-type=\"widget\" data-widget_type=\"text-editor.default\">\n\t\t\t\t<div class=\"elementor-widget-container\">\n\t\t\t\t\t\t\t\t\t<p>SEARCH<\/p>\n\t\t\t\t\t\t\t\t<\/div>\n\t\t\t\t<\/div>\n\t\t\t\t<div class=\"elementor-element elementor-element-a44a6a7 elementor-search-form--skin-classic elementor-search-form--button-type-icon elementor-search-form--icon-search elementor-widget elementor-widget-search-form\" data-id=\"a44a6a7\" data-element_type=\"widget\" data-e-type=\"widget\" data-settings=\"{&quot;skin&quot;:&quot;classic&quot;}\" data-widget_type=\"search-form.default\">\n\t\t\t\t<div class=\"elementor-widget-container\">\n\t\t\t\t\t\t\t<search role=\"search\">\n\t\t\t<form class=\"elementor-search-form\" action=\"https:\/\/www.werner-kranwetvogel.de\/en\/\" method=\"get\">\n\t\t\t\t\t\t\t\t\t\t\t\t<div class=\"elementor-search-form__container\">\n\t\t\t\t\t<label class=\"elementor-screen-only\" for=\"elementor-search-form-a44a6a7\">Search<\/label>\n\n\t\t\t\t\t\n\t\t\t\t\t<input id=\"elementor-search-form-a44a6a7\" placeholder=\"Search...\" class=\"elementor-search-form__input\" type=\"search\" name=\"s\" value=\"\">\n\t\t\t\t\t<input type='hidden' name='lang' value='en' \/>\n\t\t\t\t\t\t\t\t\t\t\t<button class=\"elementor-search-form__submit\" type=\"submit\" aria-label=\"Search\">\n\t\t\t\t\t\t\t\t\t\t\t\t\t\t\t<i aria-hidden=\"true\" class=\"fas fa-search\"><\/i>\t\t\t\t\t\t\t\t\t\t\t\t\t<\/button>\n\t\t\t\t\t\n\t\t\t\t\t\t\t\t\t<\/div>\n\t\t\t<\/form>\n\t\t<\/search>\n\t\t\t\t\t\t<\/div>\n\t\t\t\t<\/div>\n\t\t\t\t<section class=\"elementor-section elementor-inner-section elementor-element elementor-element-4a4275b elementor-section-boxed elementor-section-height-default elementor-section-height-default parallax_section_no qode_elementor_container_no qode-content-aligment-left\" data-id=\"4a4275b\" data-element_type=\"section\" data-e-type=\"section\" data-settings=\"{&quot;sticky&quot;:&quot;top&quot;,&quot;sticky_offset&quot;:60,&quot;sticky_on&quot;:[&quot;desktop&quot;,&quot;tablet&quot;,&quot;mobile&quot;],&quot;sticky_effects_offset&quot;:0,&quot;sticky_anchor_link_offset&quot;:0}\">\n\t\t\t\t\t\t<div class=\"elementor-container elementor-column-gap-default\">\n\t\t\t\t\t<div class=\"elementor-column elementor-col-100 elementor-inner-column elementor-element elementor-element-722494d\" data-id=\"722494d\" data-element_type=\"column\" data-e-type=\"column\">\n\t\t\t<div class=\"elementor-widget-wrap elementor-element-populated\">\n\t\t\t\t\t\t<div class=\"elementor-element elementor-element-73f1fd7 elementor-widget elementor-widget-text-editor\" data-id=\"73f1fd7\" data-element_type=\"widget\" data-e-type=\"widget\" data-widget_type=\"text-editor.default\">\n\t\t\t\t<div class=\"elementor-widget-container\">\n\t\t\t\t\t\t\t\t\t<p>QUOTES<\/p>\n\t\t\t\t\t\t\t\t<\/div>\n\t\t\t\t<\/div>\n\t\t\t\t<section class=\"elementor-section elementor-inner-section elementor-element elementor-element-5dcfe64 elementor-section-boxed elementor-section-height-default elementor-section-height-default parallax_section_no qode_elementor_container_no qode-content-aligment-left\" data-id=\"5dcfe64\" data-element_type=\"section\" data-e-type=\"section\">\n\t\t\t\t\t\t<div class=\"elementor-container elementor-column-gap-default\">\n\t\t\t\t\t<div class=\"elementor-column elementor-col-50 elementor-inner-column elementor-element elementor-element-6d145bb\" data-id=\"6d145bb\" data-element_type=\"column\" data-e-type=\"column\">\n\t\t\t<div class=\"elementor-widget-wrap elementor-element-populated\">\n\t\t\t\t\t\t<div class=\"elementor-element elementor-element-0802406 elementor-view-default elementor-widget elementor-widget-icon\" data-id=\"0802406\" data-element_type=\"widget\" data-e-type=\"widget\" data-widget_type=\"icon.default\">\n\t\t\t\t<div class=\"elementor-widget-container\">\n\t\t\t\t\t\t\t<div class=\"elementor-icon-wrapper\">\n\t\t\t<div class=\"elementor-icon\">\n\t\t\t<svg xmlns=\"http:\/\/www.w3.org\/2000\/svg\" xmlns:xlink=\"http:\/\/www.w3.org\/1999\/xlink\" width=\"32\" height=\"32\" viewBox=\"0 0 32 32\" fill=\"#000000\"><g><path d=\"M 7.998,13.118c0,1.69, 1.32,3.060, 2.946,3.060c 0.522,0, 1.004-0.152, 1.43-0.4 c-0.146,1.636-0.97,4.022-3.99,6.454c-0.422,0.342-0.5,0.974-0.172,1.412c 0.192,0.256, 0.478,0.39, 0.766,0.39 c 0.208,0, 0.416-0.068, 0.594-0.212c 3.706-2.99, 4.632-6.062, 4.756-8.114C 14.54,13.084, 13.744,11.704, 13.016,10.984 C 12.95,10.914, 12.888,10.838, 12.814,10.776C 12.64,10.628, 12.484,10.524, 12.348,10.446C 12.342,10.442, 12.338,10.436, 12.332,10.434 c-0.010-0.006-0.020-0.008-0.030-0.012C 12.104,10.312, 11.962,10.26, 11.962,10.26l 0.010,0.024C 11.65,10.152, 11.312,10.058, 10.944,10.058 C 9.316,10.058, 7.998,11.428, 7.998,13.118zM 17.694,13.118c0,1.69, 1.318,3.060, 2.946,3.060c 0.522,0, 1.004-0.152, 1.43-0.4 c-0.146,1.636-0.97,4.022-3.99,6.454c-0.424,0.342-0.5,0.974-0.172,1.412c 0.192,0.256, 0.478,0.39, 0.766,0.39 c 0.208,0, 0.416-0.068, 0.594-0.212c 3.706-2.99, 4.632-6.062, 4.756-8.114c 0.212-2.624-0.586-4.004-1.312-4.724 c-0.068-0.070-0.13-0.146-0.204-0.208c-0.174-0.148-0.33-0.252-0.466-0.33c-0.006-0.004-0.010-0.008-0.016-0.012 c-0.010-0.006-0.020-0.008-0.030-0.012c-0.198-0.108-0.34-0.162-0.34-0.162l 0.010,0.024c-0.322-0.132-0.662-0.226-1.028-0.226 C 19.012,10.058, 17.694,11.428, 17.694,13.118z\"><\/path><\/g><\/svg>\t\t\t<\/div>\n\t\t<\/div>\n\t\t\t\t\t\t<\/div>\n\t\t\t\t<\/div>\n\t\t\t\t\t<\/div>\n\t\t<\/div>\n\t\t\t\t<div class=\"elementor-column elementor-col-50 elementor-inner-column elementor-element elementor-element-b113580\" data-id=\"b113580\" data-element_type=\"column\" data-e-type=\"column\">\n\t\t\t<div class=\"elementor-widget-wrap elementor-element-populated\">\n\t\t\t\t\t\t<div class=\"elementor-element elementor-element-0474adb elementor-widget__width-initial elementor-widget elementor-widget-text-editor\" data-id=\"0474adb\" data-element_type=\"widget\" data-e-type=\"widget\" data-widget_type=\"text-editor.default\">\n\t\t\t\t<div class=\"elementor-widget-container\">\n\t\t\t\t\t\t\t\t\t<p><span style=\"color: #e6ae48;\">&#8220;<em>Du musst wissen, die Frau Maric war sehr f\u00fcr den Zitronenlik\u00f6r, die hat ohne den Zitronenlik\u00f6r den Optimismus verloren, aber mit Zitronenlik\u00f6r Eins-a-Optimistin.<\/em>&#8220;<\/span><\/p>\n\t\t\t\t\t\t\t\t<\/div>\n\t\t\t\t<\/div>\n\t\t\t\t<div class=\"elementor-element elementor-element-be214f1 elementor-widget__width-initial elementor-widget elementor-widget-text-editor\" data-id=\"be214f1\" data-element_type=\"widget\" data-e-type=\"widget\" data-widget_type=\"text-editor.default\">\n\t\t\t\t<div class=\"elementor-widget-container\">\n\t\t\t\t\t\t\t\t\t<p><span style=\"color: #e6ae48;\">Wolf Haas, Das ewige Leben<\/span><\/p>\n\t\t\t\t\t\t\t\t<\/div>\n\t\t\t\t<\/div>\n\t\t\t\t\t<\/div>\n\t\t<\/div>\n\t\t\t\t\t<\/div>\n\t\t<\/section>\n\t\t\t\t<section class=\"elementor-section elementor-inner-section elementor-element elementor-element-27f1508 elementor-section-boxed elementor-section-height-default elementor-section-height-default parallax_section_no qode_elementor_container_no qode-content-aligment-left\" data-id=\"27f1508\" data-element_type=\"section\" data-e-type=\"section\">\n\t\t\t\t\t\t<div class=\"elementor-container elementor-column-gap-default\">\n\t\t\t\t\t<div class=\"elementor-column elementor-col-50 elementor-inner-column elementor-element elementor-element-ccc11b4\" data-id=\"ccc11b4\" data-element_type=\"column\" data-e-type=\"column\">\n\t\t\t<div class=\"elementor-widget-wrap elementor-element-populated\">\n\t\t\t\t\t\t<div class=\"elementor-element elementor-element-e173c78 elementor-view-default elementor-widget elementor-widget-icon\" data-id=\"e173c78\" data-element_type=\"widget\" data-e-type=\"widget\" data-widget_type=\"icon.default\">\n\t\t\t\t<div class=\"elementor-widget-container\">\n\t\t\t\t\t\t\t<div class=\"elementor-icon-wrapper\">\n\t\t\t<div class=\"elementor-icon\">\n\t\t\t<svg xmlns=\"http:\/\/www.w3.org\/2000\/svg\" xmlns:xlink=\"http:\/\/www.w3.org\/1999\/xlink\" width=\"32\" height=\"32\" viewBox=\"0 0 32 32\" fill=\"#000000\"><g><path d=\"M 7.998,13.118c0,1.69, 1.32,3.060, 2.946,3.060c 0.522,0, 1.004-0.152, 1.43-0.4 c-0.146,1.636-0.97,4.022-3.99,6.454c-0.422,0.342-0.5,0.974-0.172,1.412c 0.192,0.256, 0.478,0.39, 0.766,0.39 c 0.208,0, 0.416-0.068, 0.594-0.212c 3.706-2.99, 4.632-6.062, 4.756-8.114C 14.54,13.084, 13.744,11.704, 13.016,10.984 C 12.95,10.914, 12.888,10.838, 12.814,10.776C 12.64,10.628, 12.484,10.524, 12.348,10.446C 12.342,10.442, 12.338,10.436, 12.332,10.434 c-0.010-0.006-0.020-0.008-0.030-0.012C 12.104,10.312, 11.962,10.26, 11.962,10.26l 0.010,0.024C 11.65,10.152, 11.312,10.058, 10.944,10.058 C 9.316,10.058, 7.998,11.428, 7.998,13.118zM 17.694,13.118c0,1.69, 1.318,3.060, 2.946,3.060c 0.522,0, 1.004-0.152, 1.43-0.4 c-0.146,1.636-0.97,4.022-3.99,6.454c-0.424,0.342-0.5,0.974-0.172,1.412c 0.192,0.256, 0.478,0.39, 0.766,0.39 c 0.208,0, 0.416-0.068, 0.594-0.212c 3.706-2.99, 4.632-6.062, 4.756-8.114c 0.212-2.624-0.586-4.004-1.312-4.724 c-0.068-0.070-0.13-0.146-0.204-0.208c-0.174-0.148-0.33-0.252-0.466-0.33c-0.006-0.004-0.010-0.008-0.016-0.012 c-0.010-0.006-0.020-0.008-0.030-0.012c-0.198-0.108-0.34-0.162-0.34-0.162l 0.010,0.024c-0.322-0.132-0.662-0.226-1.028-0.226 C 19.012,10.058, 17.694,11.428, 17.694,13.118z\"><\/path><\/g><\/svg>\t\t\t<\/div>\n\t\t<\/div>\n\t\t\t\t\t\t<\/div>\n\t\t\t\t<\/div>\n\t\t\t\t\t<\/div>\n\t\t<\/div>\n\t\t\t\t<div class=\"elementor-column elementor-col-50 elementor-inner-column elementor-element elementor-element-b6f7229\" data-id=\"b6f7229\" data-element_type=\"column\" data-e-type=\"column\">\n\t\t\t<div class=\"elementor-widget-wrap elementor-element-populated\">\n\t\t\t\t\t\t<div class=\"elementor-element elementor-element-93bbb32 elementor-widget__width-initial elementor-widget elementor-widget-text-editor\" data-id=\"93bbb32\" data-element_type=\"widget\" data-e-type=\"widget\" data-widget_type=\"text-editor.default\">\n\t\t\t\t<div class=\"elementor-widget-container\">\n\t\t\t\t\t\t\t\t\t<p><span style=\"color: #e6ae48;\">&#8220;<em>To call this a shithole would be an insult to shitholes everywhere.<\/em>&#8221; <\/span><\/p>\n\t\t\t\t\t\t\t\t<\/div>\n\t\t\t\t<\/div>\n\t\t\t\t<div class=\"elementor-element elementor-element-29abf7c elementor-widget__width-initial elementor-widget elementor-widget-text-editor\" data-id=\"29abf7c\" data-element_type=\"widget\" data-e-type=\"widget\" data-widget_type=\"text-editor.default\">\n\t\t\t\t<div class=\"elementor-widget-container\">\n\t\t\t\t\t\t\t\t\t<p><span style=\"color: #e6ae48;\">Breaking Bad, Pilot, w<\/span><span style=\"color: #e6ae48;\">ritten by Vince Gilligan<\/span><\/p>\n\t\t\t\t\t\t\t\t<\/div>\n\t\t\t\t<\/div>\n\t\t\t\t\t<\/div>\n\t\t<\/div>\n\t\t\t\t\t<\/div>\n\t\t<\/section>\n\t\t\t\t<section class=\"elementor-section elementor-inner-section elementor-element elementor-element-800c8df elementor-section-boxed elementor-section-height-default elementor-section-height-default parallax_section_no qode_elementor_container_no qode-content-aligment-left\" data-id=\"800c8df\" data-element_type=\"section\" data-e-type=\"section\">\n\t\t\t\t\t\t<div class=\"elementor-container elementor-column-gap-default\">\n\t\t\t\t\t<div class=\"elementor-column elementor-col-50 elementor-inner-column elementor-element elementor-element-25e8423\" data-id=\"25e8423\" data-element_type=\"column\" data-e-type=\"column\">\n\t\t\t<div class=\"elementor-widget-wrap elementor-element-populated\">\n\t\t\t\t\t\t<div class=\"elementor-element elementor-element-ac3321d elementor-view-default elementor-widget elementor-widget-icon\" data-id=\"ac3321d\" data-element_type=\"widget\" data-e-type=\"widget\" data-widget_type=\"icon.default\">\n\t\t\t\t<div class=\"elementor-widget-container\">\n\t\t\t\t\t\t\t<div class=\"elementor-icon-wrapper\">\n\t\t\t<div class=\"elementor-icon\">\n\t\t\t<svg xmlns=\"http:\/\/www.w3.org\/2000\/svg\" xmlns:xlink=\"http:\/\/www.w3.org\/1999\/xlink\" width=\"32\" height=\"32\" viewBox=\"0 0 32 32\" fill=\"#000000\"><g><path d=\"M 7.998,13.118c0,1.69, 1.32,3.060, 2.946,3.060c 0.522,0, 1.004-0.152, 1.43-0.4 c-0.146,1.636-0.97,4.022-3.99,6.454c-0.422,0.342-0.5,0.974-0.172,1.412c 0.192,0.256, 0.478,0.39, 0.766,0.39 c 0.208,0, 0.416-0.068, 0.594-0.212c 3.706-2.99, 4.632-6.062, 4.756-8.114C 14.54,13.084, 13.744,11.704, 13.016,10.984 C 12.95,10.914, 12.888,10.838, 12.814,10.776C 12.64,10.628, 12.484,10.524, 12.348,10.446C 12.342,10.442, 12.338,10.436, 12.332,10.434 c-0.010-0.006-0.020-0.008-0.030-0.012C 12.104,10.312, 11.962,10.26, 11.962,10.26l 0.010,0.024C 11.65,10.152, 11.312,10.058, 10.944,10.058 C 9.316,10.058, 7.998,11.428, 7.998,13.118zM 17.694,13.118c0,1.69, 1.318,3.060, 2.946,3.060c 0.522,0, 1.004-0.152, 1.43-0.4 c-0.146,1.636-0.97,4.022-3.99,6.454c-0.424,0.342-0.5,0.974-0.172,1.412c 0.192,0.256, 0.478,0.39, 0.766,0.39 c 0.208,0, 0.416-0.068, 0.594-0.212c 3.706-2.99, 4.632-6.062, 4.756-8.114c 0.212-2.624-0.586-4.004-1.312-4.724 c-0.068-0.070-0.13-0.146-0.204-0.208c-0.174-0.148-0.33-0.252-0.466-0.33c-0.006-0.004-0.010-0.008-0.016-0.012 c-0.010-0.006-0.020-0.008-0.030-0.012c-0.198-0.108-0.34-0.162-0.34-0.162l 0.010,0.024c-0.322-0.132-0.662-0.226-1.028-0.226 C 19.012,10.058, 17.694,11.428, 17.694,13.118z\"><\/path><\/g><\/svg>\t\t\t<\/div>\n\t\t<\/div>\n\t\t\t\t\t\t<\/div>\n\t\t\t\t<\/div>\n\t\t\t\t\t<\/div>\n\t\t<\/div>\n\t\t\t\t<div class=\"elementor-column elementor-col-50 elementor-inner-column elementor-element elementor-element-6489af8\" data-id=\"6489af8\" data-element_type=\"column\" data-e-type=\"column\">\n\t\t\t<div class=\"elementor-widget-wrap elementor-element-populated\">\n\t\t\t\t\t\t<div class=\"elementor-element elementor-element-126b049 elementor-widget__width-initial elementor-widget elementor-widget-text-editor\" data-id=\"126b049\" data-element_type=\"widget\" data-e-type=\"widget\" data-widget_type=\"text-editor.default\">\n\t\t\t\t<div class=\"elementor-widget-container\">\n\t\t\t\t\t\t\t\t\t<p><span style=\"color: #e6ae48;\">&#8220;<em>GRANT: Don&#8217;t worry. It&#8217;s dead.<\/em>&#8220;<\/span><\/p>\n\t\t\t\t\t\t\t\t<\/div>\n\t\t\t\t<\/div>\n\t\t\t\t<div class=\"elementor-element elementor-element-5b69438 elementor-widget__width-initial elementor-widget elementor-widget-text-editor\" data-id=\"5b69438\" data-element_type=\"widget\" data-e-type=\"widget\" data-widget_type=\"text-editor.default\">\n\t\t\t\t<div class=\"elementor-widget-container\">\n\t\t\t\t\t\t\t\t\t<p><span style=\"color: #e6ae48;\">Jurassic Park III, written by Peter Buchman<\/span><\/p>\n\t\t\t\t\t\t\t\t<\/div>\n\t\t\t\t<\/div>\n\t\t\t\t\t<\/div>\n\t\t<\/div>\n\t\t\t\t\t<\/div>\n\t\t<\/section>\n\t\t\t\t<section class=\"elementor-section elementor-inner-section elementor-element elementor-element-2f99871 elementor-section-boxed elementor-section-height-default elementor-section-height-default parallax_section_no qode_elementor_container_no qode-content-aligment-left\" data-id=\"2f99871\" data-element_type=\"section\" data-e-type=\"section\">\n\t\t\t\t\t\t<div class=\"elementor-container elementor-column-gap-default\">\n\t\t\t\t\t<div class=\"elementor-column elementor-col-50 elementor-inner-column elementor-element elementor-element-d784444\" data-id=\"d784444\" data-element_type=\"column\" data-e-type=\"column\">\n\t\t\t<div class=\"elementor-widget-wrap elementor-element-populated\">\n\t\t\t\t\t\t<div class=\"elementor-element elementor-element-2ca2da3 elementor-view-default elementor-widget elementor-widget-icon\" data-id=\"2ca2da3\" data-element_type=\"widget\" data-e-type=\"widget\" data-widget_type=\"icon.default\">\n\t\t\t\t<div class=\"elementor-widget-container\">\n\t\t\t\t\t\t\t<div class=\"elementor-icon-wrapper\">\n\t\t\t<div class=\"elementor-icon\">\n\t\t\t<svg xmlns=\"http:\/\/www.w3.org\/2000\/svg\" xmlns:xlink=\"http:\/\/www.w3.org\/1999\/xlink\" width=\"32\" height=\"32\" viewBox=\"0 0 32 32\" fill=\"#000000\"><g><path d=\"M 7.998,13.118c0,1.69, 1.32,3.060, 2.946,3.060c 0.522,0, 1.004-0.152, 1.43-0.4 c-0.146,1.636-0.97,4.022-3.99,6.454c-0.422,0.342-0.5,0.974-0.172,1.412c 0.192,0.256, 0.478,0.39, 0.766,0.39 c 0.208,0, 0.416-0.068, 0.594-0.212c 3.706-2.99, 4.632-6.062, 4.756-8.114C 14.54,13.084, 13.744,11.704, 13.016,10.984 C 12.95,10.914, 12.888,10.838, 12.814,10.776C 12.64,10.628, 12.484,10.524, 12.348,10.446C 12.342,10.442, 12.338,10.436, 12.332,10.434 c-0.010-0.006-0.020-0.008-0.030-0.012C 12.104,10.312, 11.962,10.26, 11.962,10.26l 0.010,0.024C 11.65,10.152, 11.312,10.058, 10.944,10.058 C 9.316,10.058, 7.998,11.428, 7.998,13.118zM 17.694,13.118c0,1.69, 1.318,3.060, 2.946,3.060c 0.522,0, 1.004-0.152, 1.43-0.4 c-0.146,1.636-0.97,4.022-3.99,6.454c-0.424,0.342-0.5,0.974-0.172,1.412c 0.192,0.256, 0.478,0.39, 0.766,0.39 c 0.208,0, 0.416-0.068, 0.594-0.212c 3.706-2.99, 4.632-6.062, 4.756-8.114c 0.212-2.624-0.586-4.004-1.312-4.724 c-0.068-0.070-0.13-0.146-0.204-0.208c-0.174-0.148-0.33-0.252-0.466-0.33c-0.006-0.004-0.010-0.008-0.016-0.012 c-0.010-0.006-0.020-0.008-0.030-0.012c-0.198-0.108-0.34-0.162-0.34-0.162l 0.010,0.024c-0.322-0.132-0.662-0.226-1.028-0.226 C 19.012,10.058, 17.694,11.428, 17.694,13.118z\"><\/path><\/g><\/svg>\t\t\t<\/div>\n\t\t<\/div>\n\t\t\t\t\t\t<\/div>\n\t\t\t\t<\/div>\n\t\t\t\t\t<\/div>\n\t\t<\/div>\n\t\t\t\t<div class=\"elementor-column elementor-col-50 elementor-inner-column elementor-element elementor-element-b0ee8a6\" data-id=\"b0ee8a6\" data-element_type=\"column\" data-e-type=\"column\">\n\t\t\t<div class=\"elementor-widget-wrap elementor-element-populated\">\n\t\t\t\t\t\t<div class=\"elementor-element elementor-element-e397fc3 elementor-widget__width-initial elementor-widget elementor-widget-text-editor\" data-id=\"e397fc3\" data-element_type=\"widget\" data-e-type=\"widget\" data-widget_type=\"text-editor.default\">\n\t\t\t\t<div class=\"elementor-widget-container\">\n\t\t\t\t\t\t\t\t\t<span style=\"color: #e6ae48;\">&#8220;<em>The HARD ROCK NUMBER ends, and the TV CAMERA CUTS TO the local DISC JOCKEY, a hirsute plastic-looking man about 35. Out of his mouth comes an incessant stream of disc jockey blather. He is the complete asshole; I don&#8217;t know who is currently performing this function in New York, but in Los Angeles his name is Real Don Steele.\r\nTV DISC JOCKEY: Freshingly, fantastic, freaked-out dance time. Can you dig it? Dig on it. You got it, flaunt it.<\/em>&#8220;<\/span>\t\t\t\t\t\t\t\t<\/div>\n\t\t\t\t<\/div>\n\t\t\t\t<div class=\"elementor-element elementor-element-8a3d360 elementor-widget__width-initial elementor-widget elementor-widget-text-editor\" data-id=\"8a3d360\" data-element_type=\"widget\" data-e-type=\"widget\" data-widget_type=\"text-editor.default\">\n\t\t\t\t<div class=\"elementor-widget-container\">\n\t\t\t\t\t\t\t\t\t<p><span style=\"color: #e6ae48;\">Taxi Driver, written by Paul Schrader<\/span><\/p>\n\t\t\t\t\t\t\t\t<\/div>\n\t\t\t\t<\/div>\n\t\t\t\t\t<\/div>\n\t\t<\/div>\n\t\t\t\t\t<\/div>\n\t\t<\/section>\n\t\t\t\t<section class=\"elementor-section elementor-inner-section elementor-element elementor-element-4cd7abc elementor-section-boxed elementor-section-height-default elementor-section-height-default parallax_section_no qode_elementor_container_no qode-content-aligment-left\" data-id=\"4cd7abc\" data-element_type=\"section\" data-e-type=\"section\">\n\t\t\t\t\t\t<div class=\"elementor-container elementor-column-gap-default\">\n\t\t\t\t\t<div class=\"elementor-column elementor-col-50 elementor-inner-column elementor-element elementor-element-b456298\" data-id=\"b456298\" data-element_type=\"column\" data-e-type=\"column\">\n\t\t\t<div class=\"elementor-widget-wrap elementor-element-populated\">\n\t\t\t\t\t\t<div class=\"elementor-element elementor-element-0b4f26e elementor-view-default elementor-widget elementor-widget-icon\" data-id=\"0b4f26e\" data-element_type=\"widget\" data-e-type=\"widget\" data-widget_type=\"icon.default\">\n\t\t\t\t<div class=\"elementor-widget-container\">\n\t\t\t\t\t\t\t<div class=\"elementor-icon-wrapper\">\n\t\t\t<div class=\"elementor-icon\">\n\t\t\t<svg xmlns=\"http:\/\/www.w3.org\/2000\/svg\" xmlns:xlink=\"http:\/\/www.w3.org\/1999\/xlink\" width=\"32\" height=\"32\" viewBox=\"0 0 32 32\" fill=\"#000000\"><g><path d=\"M 7.998,13.118c0,1.69, 1.32,3.060, 2.946,3.060c 0.522,0, 1.004-0.152, 1.43-0.4 c-0.146,1.636-0.97,4.022-3.99,6.454c-0.422,0.342-0.5,0.974-0.172,1.412c 0.192,0.256, 0.478,0.39, 0.766,0.39 c 0.208,0, 0.416-0.068, 0.594-0.212c 3.706-2.99, 4.632-6.062, 4.756-8.114C 14.54,13.084, 13.744,11.704, 13.016,10.984 C 12.95,10.914, 12.888,10.838, 12.814,10.776C 12.64,10.628, 12.484,10.524, 12.348,10.446C 12.342,10.442, 12.338,10.436, 12.332,10.434 c-0.010-0.006-0.020-0.008-0.030-0.012C 12.104,10.312, 11.962,10.26, 11.962,10.26l 0.010,0.024C 11.65,10.152, 11.312,10.058, 10.944,10.058 C 9.316,10.058, 7.998,11.428, 7.998,13.118zM 17.694,13.118c0,1.69, 1.318,3.060, 2.946,3.060c 0.522,0, 1.004-0.152, 1.43-0.4 c-0.146,1.636-0.97,4.022-3.99,6.454c-0.424,0.342-0.5,0.974-0.172,1.412c 0.192,0.256, 0.478,0.39, 0.766,0.39 c 0.208,0, 0.416-0.068, 0.594-0.212c 3.706-2.99, 4.632-6.062, 4.756-8.114c 0.212-2.624-0.586-4.004-1.312-4.724 c-0.068-0.070-0.13-0.146-0.204-0.208c-0.174-0.148-0.33-0.252-0.466-0.33c-0.006-0.004-0.010-0.008-0.016-0.012 c-0.010-0.006-0.020-0.008-0.030-0.012c-0.198-0.108-0.34-0.162-0.34-0.162l 0.010,0.024c-0.322-0.132-0.662-0.226-1.028-0.226 C 19.012,10.058, 17.694,11.428, 17.694,13.118z\"><\/path><\/g><\/svg>\t\t\t<\/div>\n\t\t<\/div>\n\t\t\t\t\t\t<\/div>\n\t\t\t\t<\/div>\n\t\t\t\t\t<\/div>\n\t\t<\/div>\n\t\t\t\t<div class=\"elementor-column elementor-col-50 elementor-inner-column elementor-element elementor-element-80a9581\" data-id=\"80a9581\" data-element_type=\"column\" data-e-type=\"column\">\n\t\t\t<div class=\"elementor-widget-wrap elementor-element-populated\">\n\t\t\t\t\t\t<div class=\"elementor-element elementor-element-01c5b21 elementor-widget__width-initial elementor-widget elementor-widget-text-editor\" data-id=\"01c5b21\" data-element_type=\"widget\" data-e-type=\"widget\" data-widget_type=\"text-editor.default\">\n\t\t\t\t<div class=\"elementor-widget-container\">\n\t\t\t\t\t\t\t\t\t<p><span style=\"color: #e6ae48;\">&#8220;<em>HOLMES: Data, data, data! I cannot make bricks without clay!<\/em>&#8221; <\/span><\/p>\n\t\t\t\t\t\t\t\t<\/div>\n\t\t\t\t<\/div>\n\t\t\t\t<div class=\"elementor-element elementor-element-09a121b elementor-widget__width-initial elementor-widget elementor-widget-text-editor\" data-id=\"09a121b\" data-element_type=\"widget\" data-e-type=\"widget\" data-widget_type=\"text-editor.default\">\n\t\t\t\t<div class=\"elementor-widget-container\">\n\t\t\t\t\t\t\t\t\t<p><span style=\"color: #e6ae48;\">Sherlock Holmes written by Michael Robert Johnson, Anthony Peckham and Simon Kinberg<\/span><\/p>\n\t\t\t\t\t\t\t\t<\/div>\n\t\t\t\t<\/div>\n\t\t\t\t\t<\/div>\n\t\t<\/div>\n\t\t\t\t\t<\/div>\n\t\t<\/section>\n\t\t\t\t\t<\/div>\n\t\t<\/div>\n\t\t\t\t\t<\/div>\n\t\t<\/section>\n\t\t\t\t\t<\/div>\n\t\t<\/div>\n\t\t\t\t\t<\/div>\n\t\t<\/section>\n\t\t\t\t<\/div>\n\t\t","protected":false},"excerpt":{"rendered":"<p>SEARCH QUOTES &#8220;Du musst wissen, die Frau Maric war sehr f\u00fcr den Zitronenlik\u00f6r, die hat ohne den Zitronenlik\u00f6r den Optimismus verloren, aber mit Zitronenlik\u00f6r Eins-a-Optimistin.&#8220; Wolf Haas, Das ewige Leben &#8220;To call this a shithole would be an insult to shitholes everywhere.&#8221; Breaking Bad, Pilot, written by Vince Gilligan &#8220;GRANT: Don&#8217;t worry. It&#8217;s dead.&#8220; Jurassic Park III, written by Peter Buchman &#8220;The HARD ROCK NUMBER ends, and the TV CAMERA CUTS TO the local DISC JOCKEY, a hirsute plastic-looking man about 35. Out of his mouth comes an incessant stream of disc jockey blather. He is the complete asshole; I don&#8217;t know who is currently performing this function in New York, but in Los Angeles his name is Real Don Steele. TV DISC JOCKEY: Freshingly, fantastic, freaked-out dance time. Can you dig it? Dig on it. You got it, flaunt it.&#8220; Taxi Driver, written by Paul Schrader &#8220;HOLMES: Data, data,&#8230;<\/p>\n","protected":false},"author":1,"featured_media":0,"parent":0,"menu_order":7,"comment_status":"open","ping_status":"open","template":"","meta":{"footnotes":""},"class_list":["post-146302","page","type-page","status-publish","hentry"],"_links":{"self":[{"href":"https:\/\/www.werner-kranwetvogel.de\/en\/wp-json\/wp\/v2\/pages\/146302","targetHints":{"allow":["GET"]}}],"collection":[{"href":"https:\/\/www.werner-kranwetvogel.de\/en\/wp-json\/wp\/v2\/pages"}],"about":[{"href":"https:\/\/www.werner-kranwetvogel.de\/en\/wp-json\/wp\/v2\/types\/page"}],"author":[{"embeddable":true,"href":"https:\/\/www.werner-kranwetvogel.de\/en\/wp-json\/wp\/v2\/users\/1"}],"replies":[{"embeddable":true,"href":"https:\/\/www.werner-kranwetvogel.de\/en\/wp-json\/wp\/v2\/comments?post=146302"}],"version-history":[{"count":0,"href":"https:\/\/www.werner-kranwetvogel.de\/en\/wp-json\/wp\/v2\/pages\/146302\/revisions"}],"wp:attachment":[{"href":"https:\/\/www.werner-kranwetvogel.de\/en\/wp-json\/wp\/v2\/media?parent=146302"}],"curies":[{"name":"wp","href":"https:\/\/api.w.org\/{rel}","templated":true}]}}