{"id":26002,"date":"2015-10-04T09:57:59","date_gmt":"2015-10-04T09:57:59","guid":{"rendered":"http:\/\/www.werner-kranwetvogel.de\/imprint\/"},"modified":"2025-03-03T11:55:57","modified_gmt":"2025-03-03T10:55:57","slug":"imprint","status":"publish","type":"page","link":"https:\/\/www.werner-kranwetvogel.de\/en\/imprint\/","title":{"rendered":"Imprint"},"content":{"rendered":"\t\t<div data-elementor-type=\"wp-page\" data-elementor-id=\"26002\" class=\"elementor elementor-26002 elementor-23579\" data-elementor-post-type=\"page\">\n\t\t\t\t\t\t<section class=\"elementor-section elementor-top-section elementor-element elementor-element-6426fd43 elementor-section-boxed elementor-section-height-default elementor-section-height-default parallax_section_no qode_elementor_container_no qode-content-aligment-left\" data-id=\"6426fd43\" data-element_type=\"section\" data-e-type=\"section\">\n\t\t\t\t\t\t<div class=\"elementor-container elementor-column-gap-default\">\n\t\t\t\t\t<div class=\"elementor-column elementor-col-100 elementor-top-column elementor-element elementor-element-2b50c86b\" data-id=\"2b50c86b\" data-element_type=\"column\" data-e-type=\"column\">\n\t\t\t<div class=\"elementor-widget-wrap elementor-element-populated\">\n\t\t\t\t\t\t<div class=\"elementor-element elementor-element-6b52261 elementor-widget elementor-widget-text-editor\" data-id=\"6b52261\" data-element_type=\"widget\" data-e-type=\"widget\" data-widget_type=\"text-editor.default\">\n\t\t\t\t<div class=\"elementor-widget-container\">\n\t\t\t\t\t\t\t\t\t<p>Erstellt mit dem Impressums-Generator von <a href=\"https:\/\/www.e-recht24.de\/impressum-generator.html\">www.e-recht24.de<\/a><\/p>\n<p><strong>Angaben gem\u00e4\u00df \u00a7 5 TMG:<\/strong><br \/>\nWerner Kranwetvogel<br \/>\nRegisseur &amp; Produzent<br \/>\nChodowieckistr. 38<br \/>\n10405 Berlin<\/p>\n<p><strong>Kontakt:<\/strong><br \/>\nTelefon: 0163 &#8211; 708 77 67<br \/>\nTelefax: 030 &#8211; 44 03 13 37<br \/>\nE-Mail: mail at werner-kranwetvogel.de<\/p>\n<p><strong>Umsatzsteuer- ID:<\/strong><br \/>\nUmsatzsteuer-Identifikationsnummer gem\u00e4\u00df \u00a727 a Umsatzsteuergesetz:<br \/>\n31\/395\/66389<br \/>\nFinanzamt Berlin Friedrichshain\/Prenzlauer Berg<\/p>\n<p><strong>Verantwortlich f\u00fcr den Inhalt nach \u00a7 55 Abs. 2 RStV:<\/strong><br \/>\nWerner Kranwetvogel<br \/>\nChodowieckistr. 38<br \/>\n10405 Berlin<\/p>\n<p><strong>Haftungsausschluss (Disclaimer)<\/strong><br \/>\nHaftung f\u00fcr Inhalte<br \/>\nAls Diensteanbieter sind wir gem\u00e4\u00df \u00a7 7 Abs.1 TMG f\u00fcr eigene Inhalte auf diesen Seiten nach den allgemeinen Gesetzen verantwortlich. Nach \u00a7\u00a7 8 bis 10 TMG sind wir als Diensteanbieter jedoch nicht verpflichtet, \u00fcbermittelte oder gespeicherte fremde Informationen zu \u00fcberwachen oder nach Umst\u00e4nden zu forschen, die auf eine rechtswidrige T\u00e4tigkeit hinweisen. Verpflichtungen zur Entfernung oder Sperrung der Nutzung von Informationen nach den allgemeinen Gesetzen bleiben hiervon unber\u00fchrt. Eine diesbez\u00fcgliche Haftung ist jedoch erst ab dem Zeitpunkt der Kenntnis einer konkreten Rechtsverletzung m\u00f6glich. Bei Bekanntwerden von entsprechenden Rechtsverletzungen werden wir diese Inhalte umgehend entfernen.<\/p>\n<p><strong>Haftung f\u00fcr Links<\/strong><br \/>\nUnser Angebot enth\u00e4lt Links zu externen Webseiten Dritter, auf deren Inhalte wir keinen Einfluss haben. Deshalb k\u00f6nnen wir f\u00fcr diese fremden Inhalte auch keine Gew\u00e4hr \u00fcbernehmen. F\u00fcr die Inhalte der verlinkten Seiten ist stets der jeweilige Anbieter oder Betreiber der Seiten verantwortlich. Die verlinkten Seiten wurden zum Zeitpunkt der Verlinkung auf m\u00f6gliche Rechtsverst\u00f6\u00dfe \u00fcberpr\u00fcft. Rechtswidrige Inhalte waren zum Zeitpunkt der Verlinkung nicht erkennbar. Eine permanente inhaltliche Kontrolle der verlinkten Seiten ist jedoch ohne konkrete Anhaltspunkte einer Rechtsverletzung nicht zumutbar. Bei Bekanntwerden von Rechtsverletzungen werden wir derartige Links umgehend entfernen.<\/p>\n<p><strong>Urheberrecht<\/strong><br \/>\nDie durch die Seitenbetreiber erstellten Inhalte und Werke auf diesen Seiten unterliegen dem deutschen Urheberrecht. Die Vervielf\u00e4ltigung, Bearbeitung, Verbreitung und jede Art der Verwertung au\u00dferhalb der Grenzen des Urheberrechtes bed\u00fcrfen der schriftlichen Zustimmung des jeweiligen Autors bzw. Erstellers. Downloads und Kopien dieser Seite sind nur f\u00fcr den privaten, nicht kommerziellen Gebrauch gestattet. Soweit die Inhalte auf dieser Seite nicht vom Betreiber erstellt wurden, werden die Urheberrechte Dritter beachtet. Insbesondere werden Inhalte Dritter als solche gekennzeichnet. Sollten Sie trotzdem auf eine Urheberrechtsverletzung aufmerksam werden, bitten wir um einen entsprechenden Hinweis. Bei Bekanntwerden von Rechtsverletzungen werden wir derartige Inhalte umgehend entfernen.<\/p>\n\t\t\t\t\t\t\t\t<\/div>\n\t\t\t\t<\/div>\n\t\t\t\t\t<\/div>\n\t\t<\/div>\n\t\t\t\t\t<\/div>\n\t\t<\/section>\n\t\t\t\t<\/div>\n\t\t","protected":false},"excerpt":{"rendered":"<p>Erstellt mit dem Impressums-Generator von www.e-recht24.de Angaben gem\u00e4\u00df \u00a7 5 TMG: Werner Kranwetvogel Regisseur &amp; Produzent Chodowieckistr. 38 10405 Berlin Kontakt: Telefon: 0163 &#8211; 708 77 67 Telefax: 030 &#8211; 44 03 13 37 E-Mail: mail at werner-kranwetvogel.de Umsatzsteuer- ID: Umsatzsteuer-Identifikationsnummer gem\u00e4\u00df \u00a727 a Umsatzsteuergesetz: 31\/395\/66389 Finanzamt Berlin Friedrichshain\/Prenzlauer Berg Verantwortlich f\u00fcr den Inhalt nach \u00a7 55 Abs. 2 RStV: Werner Kranwetvogel Chodowieckistr. 38 10405 Berlin Haftungsausschluss (Disclaimer) Haftung f\u00fcr Inhalte Als Diensteanbieter sind wir gem\u00e4\u00df \u00a7 7 Abs.1 TMG f\u00fcr eigene Inhalte auf diesen Seiten nach den allgemeinen Gesetzen verantwortlich. Nach \u00a7\u00a7 8 bis 10 TMG sind wir als Diensteanbieter jedoch nicht verpflichtet, \u00fcbermittelte oder gespeicherte fremde Informationen zu \u00fcberwachen oder nach Umst\u00e4nden zu forschen, die auf eine rechtswidrige T\u00e4tigkeit hinweisen. Verpflichtungen zur Entfernung oder Sperrung der Nutzung von Informationen nach den allgemeinen Gesetzen bleiben hiervon unber\u00fchrt. Eine diesbez\u00fcgliche Haftung ist jedoch erst ab dem Zeitpunkt der Kenntnis einer&#8230;<\/p>\n","protected":false},"author":1,"featured_media":0,"parent":0,"menu_order":13,"comment_status":"closed","ping_status":"closed","template":"","meta":{"footnotes":""},"class_list":["post-26002","page","type-page","status-publish","hentry"],"_links":{"self":[{"href":"https:\/\/www.werner-kranwetvogel.de\/en\/wp-json\/wp\/v2\/pages\/26002","targetHints":{"allow":["GET"]}}],"collection":[{"href":"https:\/\/www.werner-kranwetvogel.de\/en\/wp-json\/wp\/v2\/pages"}],"about":[{"href":"https:\/\/www.werner-kranwetvogel.de\/en\/wp-json\/wp\/v2\/types\/page"}],"author":[{"embeddable":true,"href":"https:\/\/www.werner-kranwetvogel.de\/en\/wp-json\/wp\/v2\/users\/1"}],"replies":[{"embeddable":true,"href":"https:\/\/www.werner-kranwetvogel.de\/en\/wp-json\/wp\/v2\/comments?post=26002"}],"version-history":[{"count":0,"href":"https:\/\/www.werner-kranwetvogel.de\/en\/wp-json\/wp\/v2\/pages\/26002\/revisions"}],"wp:attachment":[{"href":"https:\/\/www.werner-kranwetvogel.de\/en\/wp-json\/wp\/v2\/media?parent=26002"}],"curies":[{"name":"wp","href":"https:\/\/api.w.org\/{rel}","templated":true}]}}